{"id":53,"date":"2020-12-20T21:00:32","date_gmt":"2020-12-20T20:00:32","guid":{"rendered":"http:\/\/kazimierzwiszniewski.surdushistory.org.pl\/?page_id=53"},"modified":"2020-12-20T21:24:40","modified_gmt":"2020-12-20T20:24:40","slug":"o-projekcie","status":"publish","type":"page","link":"http:\/\/kazimierzwiszniewski.surdushistory.org.pl\/","title":{"rendered":"O Projekcie"},"content":{"rendered":"\n<p>Kim by\u0142 Kazimierz Wiszniewski? Okazuje si\u0119, \u017ce w historii sztuki mamy znanych g\u0142uchych artyst\u00f3w, kt\u00f3rzy w swoich czasach byli znani i szanowani.<\/p>\n\n\n\n<p>Projekt \u201ePolska zakl\u0119ta w sztuce Kazimierza Wiszniewskiego\u201d opowiada o jego \u017cyciu, jego tw\u00f3rczo\u015bci. Jego tw\u00f3rczo\u015b\u0107 jest troch\u0119 dzisiaj zapomniana i celem projektu jest przywr\u00f3cenie pami\u0119ci o Kazimierzu Wiszniewskim jako znakomitym grafiku i arty\u015bcie, kt\u00f3ry upami\u0119tnia\u0142 w swoich pracach pi\u0119kno polskiego pejza\u017cu oraz polskiej architektury.<\/p>\n\n\n\n<p>Sztuka Kazimierza Wiszniewskiego jest tak\u017ce bardzo wa\u017cn\u0105 cz\u0119\u015bci\u0105 historii \u015brodowiska g\u0142uchych w Polsce i zas\u0142uguje na jej przybli\u017cenie osobom g\u0142uchym i s\u0142abo s\u0142ysz\u0105cym w formie materia\u0142\u00f3w filmowych i publikacji umieszczonych na stronie internetowej projektu.<\/p>\n\n\n\n<p>Projekt \u201ePolska zakl\u0119ta w sztuce Kazimierza Wiszniewskiego\u201d jest dofinansowany ze \u015brodk\u00f3w Muzeum Historii Polski w Warszawie&nbsp; w ramach Programu \u201ePatriotyzm Jutra\u201d2020.<\/p>\n\n\n\n<figure class=\"wp-block-gallery columns-2 is-cropped wp-block-gallery-1 is-layout-flex wp-block-gallery-is-layout-flex\"><ul class=\"blocks-gallery-grid\"><li class=\"blocks-gallery-item\"><figure><a href=\"http:\/\/kazimierzwiszniewski.surdushistory.org.pl\/wp-content\/uploads\/2020\/12\/7.jpg\"><img loading=\"lazy\" decoding=\"async\" width=\"727\" height=\"1024\" src=\"http:\/\/kazimierzwiszniewski.surdushistory.org.pl\/wp-content\/uploads\/2020\/12\/7-727x1024.jpg\" alt=\"\" data-id=\"71\" data-full-url=\"http:\/\/kazimierzwiszniewski.surdushistory.org.pl\/wp-content\/uploads\/2020\/12\/7.jpg\" data-link=\"http:\/\/kazimierzwiszniewski.surdushistory.org.pl\/7\/\" class=\"wp-image-71\" srcset=\"http:\/\/kazimierzwiszniewski.surdushistory.org.pl\/wp-content\/uploads\/2020\/12\/7-727x1024.jpg 727w, http:\/\/kazimierzwiszniewski.surdushistory.org.pl\/wp-content\/uploads\/2020\/12\/7-213x300.jpg 213w, http:\/\/kazimierzwiszniewski.surdushistory.org.pl\/wp-content\/uploads\/2020\/12\/7-768x1082.jpg 768w, http:\/\/kazimierzwiszniewski.surdushistory.org.pl\/wp-content\/uploads\/2020\/12\/7.jpg 1000w\" sizes=\"auto, (max-width: 727px) 100vw, 727px\" \/><\/a><\/figure><\/li><li class=\"blocks-gallery-item\"><figure><a href=\"http:\/\/kazimierzwiszniewski.surdushistory.org.pl\/wp-content\/uploads\/2020\/12\/8.jpg\"><img loading=\"lazy\" decoding=\"async\" width=\"727\" height=\"1024\" src=\"http:\/\/kazimierzwiszniewski.surdushistory.org.pl\/wp-content\/uploads\/2020\/12\/8-727x1024.jpg\" alt=\"\" data-id=\"72\" data-full-url=\"http:\/\/kazimierzwiszniewski.surdushistory.org.pl\/wp-content\/uploads\/2020\/12\/8.jpg\" data-link=\"http:\/\/kazimierzwiszniewski.surdushistory.org.pl\/8\/\" class=\"wp-image-72\" srcset=\"http:\/\/kazimierzwiszniewski.surdushistory.org.pl\/wp-content\/uploads\/2020\/12\/8-727x1024.jpg 727w, http:\/\/kazimierzwiszniewski.surdushistory.org.pl\/wp-content\/uploads\/2020\/12\/8-213x300.jpg 213w, http:\/\/kazimierzwiszniewski.surdushistory.org.pl\/wp-content\/uploads\/2020\/12\/8-768x1082.jpg 768w, http:\/\/kazimierzwiszniewski.surdushistory.org.pl\/wp-content\/uploads\/2020\/12\/8.jpg 1000w\" sizes=\"auto, (max-width: 727px) 100vw, 727px\" \/><\/a><\/figure><\/li><\/ul><\/figure>\n\n\n\n<div class=\"wp-block-group\"><div class=\"wp-block-group__inner-container is-layout-flow wp-block-group-is-layout-flow\">\n<figure class=\"wp-block-gallery columns-2 is-cropped wp-block-gallery-2 is-layout-flex wp-block-gallery-is-layout-flex\"><ul class=\"blocks-gallery-grid\"><li class=\"blocks-gallery-item\"><figure><a href=\"http:\/\/kazimierzwiszniewski.surdushistory.org.pl\/wp-content\/uploads\/2020\/12\/1-1-scaled.jpg\"><img loading=\"lazy\" decoding=\"async\" width=\"414\" height=\"1024\" src=\"http:\/\/kazimierzwiszniewski.surdushistory.org.pl\/wp-content\/uploads\/2020\/12\/1-1-414x1024.jpg\" alt=\"\" data-id=\"67\" data-full-url=\"http:\/\/kazimierzwiszniewski.surdushistory.org.pl\/wp-content\/uploads\/2020\/12\/1-1-scaled.jpg\" data-link=\"http:\/\/kazimierzwiszniewski.surdushistory.org.pl\/1-2\/\" class=\"wp-image-67\" srcset=\"http:\/\/kazimierzwiszniewski.surdushistory.org.pl\/wp-content\/uploads\/2020\/12\/1-1-414x1024.jpg 414w, http:\/\/kazimierzwiszniewski.surdushistory.org.pl\/wp-content\/uploads\/2020\/12\/1-1-121x300.jpg 121w, http:\/\/kazimierzwiszniewski.surdushistory.org.pl\/wp-content\/uploads\/2020\/12\/1-1-768x1898.jpg 768w, http:\/\/kazimierzwiszniewski.surdushistory.org.pl\/wp-content\/uploads\/2020\/12\/1-1-829x2048.jpg 829w, http:\/\/kazimierzwiszniewski.surdushistory.org.pl\/wp-content\/uploads\/2020\/12\/1-1-scaled.jpg 1036w\" sizes=\"auto, (max-width: 414px) 100vw, 414px\" \/><\/a><\/figure><\/li><li class=\"blocks-gallery-item\"><figure><a href=\"http:\/\/kazimierzwiszniewski.surdushistory.org.pl\/wp-content\/uploads\/2020\/12\/2-scaled.jpg\"><img loading=\"lazy\" decoding=\"async\" width=\"414\" height=\"1024\" src=\"http:\/\/kazimierzwiszniewski.surdushistory.org.pl\/wp-content\/uploads\/2020\/12\/2-414x1024.jpg\" alt=\"\" data-id=\"68\" data-full-url=\"http:\/\/kazimierzwiszniewski.surdushistory.org.pl\/wp-content\/uploads\/2020\/12\/2-scaled.jpg\" data-link=\"http:\/\/kazimierzwiszniewski.surdushistory.org.pl\/2\/\" class=\"wp-image-68\" srcset=\"http:\/\/kazimierzwiszniewski.surdushistory.org.pl\/wp-content\/uploads\/2020\/12\/2-414x1024.jpg 414w, http:\/\/kazimierzwiszniewski.surdushistory.org.pl\/wp-content\/uploads\/2020\/12\/2-121x300.jpg 121w, http:\/\/kazimierzwiszniewski.surdushistory.org.pl\/wp-content\/uploads\/2020\/12\/2-768x1898.jpg 768w, http:\/\/kazimierzwiszniewski.surdushistory.org.pl\/wp-content\/uploads\/2020\/12\/2-829x2048.jpg 829w, http:\/\/kazimierzwiszniewski.surdushistory.org.pl\/wp-content\/uploads\/2020\/12\/2-scaled.jpg 1036w\" sizes=\"auto, (max-width: 414px) 100vw, 414px\" \/><\/a><\/figure><\/li><li class=\"blocks-gallery-item\"><figure><a href=\"http:\/\/kazimierzwiszniewski.surdushistory.org.pl\/wp-content\/uploads\/2020\/12\/3-1-scaled.jpg\"><img loading=\"lazy\" decoding=\"async\" width=\"414\" height=\"1024\" src=\"http:\/\/kazimierzwiszniewski.surdushistory.org.pl\/wp-content\/uploads\/2020\/12\/3-1-414x1024.jpg\" alt=\"\" data-id=\"69\" data-full-url=\"http:\/\/kazimierzwiszniewski.surdushistory.org.pl\/wp-content\/uploads\/2020\/12\/3-1-scaled.jpg\" data-link=\"http:\/\/kazimierzwiszniewski.surdushistory.org.pl\/3-2\/\" class=\"wp-image-69\" srcset=\"http:\/\/kazimierzwiszniewski.surdushistory.org.pl\/wp-content\/uploads\/2020\/12\/3-1-414x1024.jpg 414w, http:\/\/kazimierzwiszniewski.surdushistory.org.pl\/wp-content\/uploads\/2020\/12\/3-1-121x300.jpg 121w, http:\/\/kazimierzwiszniewski.surdushistory.org.pl\/wp-content\/uploads\/2020\/12\/3-1-768x1898.jpg 768w, http:\/\/kazimierzwiszniewski.surdushistory.org.pl\/wp-content\/uploads\/2020\/12\/3-1-829x2048.jpg 829w, http:\/\/kazimierzwiszniewski.surdushistory.org.pl\/wp-content\/uploads\/2020\/12\/3-1-scaled.jpg 1036w\" sizes=\"auto, (max-width: 414px) 100vw, 414px\" \/><\/a><\/figure><\/li><li class=\"blocks-gallery-item\"><figure><a href=\"http:\/\/kazimierzwiszniewski.surdushistory.org.pl\/wp-content\/uploads\/2020\/12\/4-1-scaled.jpg\"><img loading=\"lazy\" decoding=\"async\" width=\"414\" height=\"1024\" src=\"http:\/\/kazimierzwiszniewski.surdushistory.org.pl\/wp-content\/uploads\/2020\/12\/4-1-414x1024.jpg\" alt=\"\" data-id=\"70\" data-full-url=\"http:\/\/kazimierzwiszniewski.surdushistory.org.pl\/wp-content\/uploads\/2020\/12\/4-1-scaled.jpg\" data-link=\"http:\/\/kazimierzwiszniewski.surdushistory.org.pl\/4-2\/\" class=\"wp-image-70\" srcset=\"http:\/\/kazimierzwiszniewski.surdushistory.org.pl\/wp-content\/uploads\/2020\/12\/4-1-414x1024.jpg 414w, http:\/\/kazimierzwiszniewski.surdushistory.org.pl\/wp-content\/uploads\/2020\/12\/4-1-121x300.jpg 121w, http:\/\/kazimierzwiszniewski.surdushistory.org.pl\/wp-content\/uploads\/2020\/12\/4-1-768x1898.jpg 768w, http:\/\/kazimierzwiszniewski.surdushistory.org.pl\/wp-content\/uploads\/2020\/12\/4-1-829x2048.jpg 829w, http:\/\/kazimierzwiszniewski.surdushistory.org.pl\/wp-content\/uploads\/2020\/12\/4-1-scaled.jpg 1036w\" sizes=\"auto, (max-width: 414px) 100vw, 414px\" \/><\/a><\/figure><\/li><\/ul><\/figure>\n<\/div><\/div>\n","protected":false},"excerpt":{"rendered":"<p>Kim by\u0142 Kazimierz Wiszniewski? Okazuje si\u0119, \u017ce w historii sztuki mamy znanych g\u0142uchych artyst\u00f3w, kt\u00f3rzy w swoich czasach byli znani i szanowani. Projekt \u201ePolska zakl\u0119ta w sztuce Kazimierza Wiszniewskiego\u201d opowiada o jego \u017cyciu, jego tw\u00f3rczo\u015bci. Jego tw\u00f3rczo\u015b\u0107 jest troch\u0119 dzisiaj zapomniana i celem projektu jest przywr\u00f3cenie pami\u0119ci o Kazimierzu Wiszniewskim jako znakomitym grafiku i arty\u015bcie, &#8230; <a title=\"O Projekcie\" class=\"read-more\" href=\"http:\/\/kazimierzwiszniewski.surdushistory.org.pl\/\" aria-label=\"More on O Projekcie\">Czytaj dalej<\/a><\/p>\n","protected":false},"author":1,"featured_media":0,"parent":0,"menu_order":0,"comment_status":"closed","ping_status":"closed","template":"","meta":{"footnotes":""},"class_list":["post-53","page","type-page","status-publish"],"_links":{"self":[{"href":"http:\/\/kazimierzwiszniewski.surdushistory.org.pl\/index.php\/wp-json\/wp\/v2\/pages\/53","targetHints":{"allow":["GET"]}}],"collection":[{"href":"http:\/\/kazimierzwiszniewski.surdushistory.org.pl\/index.php\/wp-json\/wp\/v2\/pages"}],"about":[{"href":"http:\/\/kazimierzwiszniewski.surdushistory.org.pl\/index.php\/wp-json\/wp\/v2\/types\/page"}],"author":[{"embeddable":true,"href":"http:\/\/kazimierzwiszniewski.surdushistory.org.pl\/index.php\/wp-json\/wp\/v2\/users\/1"}],"replies":[{"embeddable":true,"href":"http:\/\/kazimierzwiszniewski.surdushistory.org.pl\/index.php\/wp-json\/wp\/v2\/comments?post=53"}],"version-history":[{"count":5,"href":"http:\/\/kazimierzwiszniewski.surdushistory.org.pl\/index.php\/wp-json\/wp\/v2\/pages\/53\/revisions"}],"predecessor-version":[{"id":76,"href":"http:\/\/kazimierzwiszniewski.surdushistory.org.pl\/index.php\/wp-json\/wp\/v2\/pages\/53\/revisions\/76"}],"wp:attachment":[{"href":"http:\/\/kazimierzwiszniewski.surdushistory.org.pl\/index.php\/wp-json\/wp\/v2\/media?parent=53"}],"curies":[{"name":"wp","href":"https:\/\/api.w.org\/{rel}","templated":true}]}}